{"id":1036,"date":"2026-04-02T19:06:42","date_gmt":"2026-04-02T18:06:42","guid":{"rendered":"https:\/\/raptor-tech.eu\/?page_id=1036"},"modified":"2026-04-04T13:43:20","modified_gmt":"2026-04-04T12:43:20","slug":"nowosci","status":"publish","type":"page","link":"https:\/\/raptor-tech.eu\/de\/nowosci\/","title":{"rendered":"Nachricht"},"content":{"rendered":"<div data-elementor-type=\"wp-page\" data-elementor-id=\"1036\" class=\"elementor elementor-1036\" data-elementor-post-type=\"page\">\n\t\t\t\t<div class=\"elementor-element elementor-element-ddae383 e-flex e-con-boxed e-con e-parent\" data-id=\"ddae383\" data-element_type=\"container\" data-e-type=\"container\" data-settings=\"{&quot;background_background&quot;:&quot;gradient&quot;}\">\n\t\t\t\t\t<div class=\"e-con-inner\">\n\t\t<div class=\"elementor-element elementor-element-ae996c5 e-con-full e-flex elementor-invisible e-con e-child\" data-id=\"ae996c5\" data-element_type=\"container\" data-e-type=\"container\" data-settings=\"{&quot;animation&quot;:&quot;fadeInLeft&quot;}\">\n\t\t\t\t<div class=\"elementor-element elementor-element-b96577a elementor-widget elementor-widget-text-editor\" data-id=\"b96577a\" data-element_type=\"widget\" data-e-type=\"widget\" data-widget_type=\"text-editor.default\">\n\t\t\t\t\t\t\t\t\t<p>Nachricht<\/p>\t\t\t\t\t\t\t\t<\/div>\n\t\t\t\t<div class=\"elementor-element elementor-element-f09d4f4 elementor-widget elementor-widget-heading\" data-id=\"f09d4f4\" data-element_type=\"widget\" data-e-type=\"widget\" data-widget_type=\"heading.default\">\n\t\t\t\t\t<h2 class=\"elementor-heading-title elementor-size-default\">Nowe produkty<\/h2>\t\t\t\t<\/div>\n\t\t\t\t<\/div>\n\t\t\t\t<div class=\"elementor-element elementor-element-128263f elementor-widget__width-initial elementor-invisible elementor-widget elementor-widget-text-editor\" data-id=\"128263f\" data-element_type=\"widget\" data-e-type=\"widget\" data-settings=\"{&quot;_animation&quot;:&quot;fadeInLeft&quot;,&quot;_animation_delay&quot;:300}\" data-widget_type=\"text-editor.default\">\n\t\t\t\t\t\t\t\t\t<p>Prezentujemy najnowsze rozwi\u0105zania i rozwijane projekty z zakresu obr\u00f3bki strumieniowo-\u015bciernej oraz technologii przemys\u0142owych. Sprawd\u017a zapowiedzi urz\u0105dze\u0144, kt\u00f3re wkr\u00f3tce do\u0142\u0105cz\u0105 do naszej oferty.<\/p>\t\t\t\t\t\t\t\t<\/div>\n\t\t\t\t\t<\/div>\n\t\t\t\t<\/div>\n\t\t<div class=\"elementor-element elementor-element-65efc33 e-flex e-con-boxed e-con e-parent\" data-id=\"65efc33\" data-element_type=\"container\" data-e-type=\"container\">\n\t\t\t\t\t<div class=\"e-con-inner\">\n\t\t\t\t<div class=\"elementor-element elementor-element-6bab63f elementor-grid-1 elementor-grid-tablet-2 elementor-grid-mobile-1 elementor-widget elementor-widget-loop-grid\" data-id=\"6bab63f\" data-element_type=\"widget\" data-e-type=\"widget\" data-settings=\"{&quot;template_id&quot;:1052,&quot;columns&quot;:1,&quot;row_gap&quot;:{&quot;unit&quot;:&quot;px&quot;,&quot;size&quot;:32,&quot;sizes&quot;:[]},&quot;_skin&quot;:&quot;post&quot;,&quot;columns_tablet&quot;:&quot;2&quot;,&quot;columns_mobile&quot;:&quot;1&quot;,&quot;edit_handle_selector&quot;:&quot;[data-elementor-type=\\&quot;loop-item\\&quot;]&quot;,&quot;row_gap_tablet&quot;:{&quot;unit&quot;:&quot;px&quot;,&quot;size&quot;:&quot;&quot;,&quot;sizes&quot;:[]},&quot;row_gap_mobile&quot;:{&quot;unit&quot;:&quot;px&quot;,&quot;size&quot;:&quot;&quot;,&quot;sizes&quot;:[]}}\" data-widget_type=\"loop-grid.post\">\n\t\t\t\t<div class=\"elementor-widget-container\">\n\t\t\t\t\t\t\t<div class=\"e-loop-nothing-found-message\">\n\t\t\t\t\t<div class=\"e-loop-nothing-found-message__text\">\n\t\t\t\t<span class=\"nothing-found-text\">Aktualnie nie posiadamy \u017cadnych nowo\u015bci<\/span>\n<span class=\"nothing-found-text\">Sprawd\u017a nasz\u0105 regularn\u0105 ofert\u0119<\/span>\n<a class=\"nothing-found-button\" href=\"\/de\/produkty\/\">Angebot<\/a>\t\t\t<\/div>\n\t\t\t<\/div>\n\t\t\t\t\t\t<\/div>\n\t\t\t\t<\/div>\n\t\t\t\t\t<\/div>\n\t\t\t\t<\/div>\n\t\t\t\t<\/div>","protected":false},"excerpt":{"rendered":"<p>Nowo\u015bci Nowe produkty Prezentujemy najnowsze rozwi\u0105zania i rozwijane projekty z zakresu obr\u00f3bki strumieniowo-\u015bciernej oraz technologii przemys\u0142owych. Sprawd\u017a zapowiedzi urz\u0105dze\u0144, kt\u00f3re wkr\u00f3tce do\u0142\u0105cz\u0105 do naszej oferty.<\/p>","protected":false},"author":1,"featured_media":0,"parent":0,"menu_order":0,"comment_status":"closed","ping_status":"closed","template":"","meta":{"_acf_changed":false,"footnotes":""},"class_list":["post-1036","page","type-page","status-publish","hentry"],"acf":[],"_links":{"self":[{"href":"https:\/\/raptor-tech.eu\/de\/wp-json\/wp\/v2\/pages\/1036","targetHints":{"allow":["GET"]}}],"collection":[{"href":"https:\/\/raptor-tech.eu\/de\/wp-json\/wp\/v2\/pages"}],"about":[{"href":"https:\/\/raptor-tech.eu\/de\/wp-json\/wp\/v2\/types\/page"}],"author":[{"embeddable":true,"href":"https:\/\/raptor-tech.eu\/de\/wp-json\/wp\/v2\/users\/1"}],"replies":[{"embeddable":true,"href":"https:\/\/raptor-tech.eu\/de\/wp-json\/wp\/v2\/comments?post=1036"}],"version-history":[{"count":34,"href":"https:\/\/raptor-tech.eu\/de\/wp-json\/wp\/v2\/pages\/1036\/revisions"}],"predecessor-version":[{"id":1214,"href":"https:\/\/raptor-tech.eu\/de\/wp-json\/wp\/v2\/pages\/1036\/revisions\/1214"}],"wp:attachment":[{"href":"https:\/\/raptor-tech.eu\/de\/wp-json\/wp\/v2\/media?parent=1036"}],"curies":[{"name":"wp","href":"https:\/\/api.w.org\/{rel}","templated":true}]}}